{"id":12,"date":"2012-05-12T10:43:39","date_gmt":"2012-05-12T10:43:39","guid":{"rendered":"http:\/\/www.kesakotikallioniemi.fi\/web\/?page_id=12"},"modified":"2022-03-01T12:35:34","modified_gmt":"2022-03-01T12:35:34","slug":"majoitus-ja-muut-tilat-hinnat","status":"publish","type":"page","link":"http:\/\/www.kesakotikallioniemi.fi\/web\/?page_id=12","title":{"rendered":"Tilat"},"content":{"rendered":"<p>Kallioniemess\u00e4 on yhteens\u00e4 49 vuodepaikkaa ja ruokasali 50 hengelle. Paviljonki Pavi on yhteinen olotila, jossa viihdyt takkatulen loimussa leikkien, pelaillen tai televisiota katsoen. P\u00e4\u00e4rakennuksesta l\u00f6yd\u00e4t kirjaston.\u00a0<\/p>\n<p><a href=\"http:\/\/www.kesakotikallioniemi.fi\/web\/wp-content\/uploads\/2022\/03\/p\u00e4\u00e4rakennus.jpg\"><img loading=\"lazy\" decoding=\"async\" class=\"size-medium wp-image-606 aligncenter\" src=\"http:\/\/www.kesakotikallioniemi.fi\/web\/wp-content\/uploads\/2022\/03\/p\u00e4\u00e4rakennus-300x225.jpg\" alt=\"\" width=\"300\" height=\"225\" srcset=\"http:\/\/www.kesakotikallioniemi.fi\/web\/wp-content\/uploads\/2022\/03\/p\u00e4\u00e4rakennus-300x225.jpg 300w, http:\/\/www.kesakotikallioniemi.fi\/web\/wp-content\/uploads\/2022\/03\/p\u00e4\u00e4rakennus-1024x768.jpg 1024w, http:\/\/www.kesakotikallioniemi.fi\/web\/wp-content\/uploads\/2022\/03\/p\u00e4\u00e4rakennus-768x576.jpg 768w, http:\/\/www.kesakotikallioniemi.fi\/web\/wp-content\/uploads\/2022\/03\/p\u00e4\u00e4rakennus-400x300.jpg 400w, http:\/\/www.kesakotikallioniemi.fi\/web\/wp-content\/uploads\/2022\/03\/p\u00e4\u00e4rakennus.jpg 1205w\" sizes=\"auto, (max-width: 300px) 100vw, 300px\" \/><\/a><\/p>\n<p>Majoitustilat<\/p>\n<ul>\n<li>Vanha p\u00e4\u00e4rakennus 9 kpl 2-5 hh<\/li>\n<li>Poukama-m\u00f6kki 7 kpl 2-5 hh<\/li>\n<li>Kalamaja-m\u00f6kki 2 hh + varavuode<\/li>\n<li>Saunam\u00f6kki 2 x 2 hh<\/li>\n<li>Pikkum\u00f6keiss\u00e4 on j\u00e4\u00e4kaappi, mikro, kahvinkeitin.<\/li>\n<\/ul>\n<p><a href=\"http:\/\/www.kesakotikallioniemi.fi\/web\/wp-content\/uploads\/2022\/03\/tienviitat.jpg\"><img loading=\"lazy\" decoding=\"async\" class=\"size-medium wp-image-604 aligncenter\" src=\"http:\/\/www.kesakotikallioniemi.fi\/web\/wp-content\/uploads\/2022\/03\/tienviitat-300x225.jpg\" alt=\"\" width=\"300\" height=\"225\" srcset=\"http:\/\/www.kesakotikallioniemi.fi\/web\/wp-content\/uploads\/2022\/03\/tienviitat-300x225.jpg 300w, http:\/\/www.kesakotikallioniemi.fi\/web\/wp-content\/uploads\/2022\/03\/tienviitat-768x576.jpg 768w, http:\/\/www.kesakotikallioniemi.fi\/web\/wp-content\/uploads\/2022\/03\/tienviitat-400x300.jpg 400w, http:\/\/www.kesakotikallioniemi.fi\/web\/wp-content\/uploads\/2022\/03\/tienviitat.jpg 1024w\" sizes=\"auto, (max-width: 300px) 100vw, 300px\" \/><\/a><\/p>\n<p>Muita tiloja<\/p>\n<ul>\n<li>Kirjasto<\/li>\n<li>Yhteiskeitti\u00f6 k\u00e4yt\u00f6ss\u00e4, vesipiste.<\/li>\n<li>Vesi-WC (1) l\u00f6ytyy p\u00e4\u00e4rakennuksen yhteydess\u00e4.<\/li>\n<li>2\u00a0biok\u00e4ym\u00e4l\u00e4\u00e4, joissa kummassakin 2 miesten ja naisten WC:t\u00e4<\/li>\n<li>2\u00a0soutuvenett\u00e4 ja kanootti<\/li>\n<li>Tilava sauna (max 10 henke\u00e4)\u00a0l\u00e4mmitet\u00e4\u00e4n\u00a0asukkaille ma, ke ja pe\/la<\/li>\n<li>Lis\u00e4ksi saunaa vuokrataan tarvittaessa.<\/li>\n<\/ul>\n<p><a href=\"http:\/\/www.kesakotikallioniemi.fi\/web\/wp-content\/uploads\/2022\/03\/saunan-ikkuna.jpg\"><img loading=\"lazy\" decoding=\"async\" class=\"size-medium wp-image-602 aligncenter\" src=\"http:\/\/www.kesakotikallioniemi.fi\/web\/wp-content\/uploads\/2022\/03\/saunan-ikkuna-300x225.jpg\" alt=\"\" width=\"300\" height=\"225\" srcset=\"http:\/\/www.kesakotikallioniemi.fi\/web\/wp-content\/uploads\/2022\/03\/saunan-ikkuna-300x225.jpg 300w, http:\/\/www.kesakotikallioniemi.fi\/web\/wp-content\/uploads\/2022\/03\/saunan-ikkuna-1024x768.jpg 1024w, http:\/\/www.kesakotikallioniemi.fi\/web\/wp-content\/uploads\/2022\/03\/saunan-ikkuna-768x576.jpg 768w, http:\/\/www.kesakotikallioniemi.fi\/web\/wp-content\/uploads\/2022\/03\/saunan-ikkuna-400x300.jpg 400w, http:\/\/www.kesakotikallioniemi.fi\/web\/wp-content\/uploads\/2022\/03\/saunan-ikkuna.jpg 1205w\" sizes=\"auto, (max-width: 300px) 100vw, 300px\" \/><\/a><\/p>\n<p>T\u00e4ysihoito sis\u00e4lt\u00e4\u00e4 majoituksen, aamiaisen, lounaan, p\u00e4iv\u00e4kahvit ja p\u00e4iv\u00e4llisen, venekuljetukset ja saunan. Omat liinavaatteet. Tarvittaessa voit vuokrata liinavaatteet 10\u20ac\/hl\u00f6.<\/p>\n<p><a href=\"http:\/\/www.kesakotikallioniemi.fi\/web\/wp-content\/uploads\/2022\/03\/puu-ukko.jpg\"><img loading=\"lazy\" decoding=\"async\" class=\"size-medium wp-image-603 aligncenter\" src=\"http:\/\/www.kesakotikallioniemi.fi\/web\/wp-content\/uploads\/2022\/03\/puu-ukko-225x300.jpg\" alt=\"\" width=\"225\" height=\"300\" srcset=\"http:\/\/www.kesakotikallioniemi.fi\/web\/wp-content\/uploads\/2022\/03\/puu-ukko-225x300.jpg 225w, http:\/\/www.kesakotikallioniemi.fi\/web\/wp-content\/uploads\/2022\/03\/puu-ukko.jpg 678w\" sizes=\"auto, (max-width: 225px) 100vw, 225px\" \/><\/a><\/p>\n<p>Ryhmille ja perheille teemme tarjouksen. Lapsille edullisimmat hinnat. Pyyd\u00e4 tarjous <img decoding=\"async\" class=\"CQ CU\" src=\"https:\/\/mail.google.com\/mail\/u\/0\/images\/cleardot.gif\" alt=\"\" \/>info@kesakotikallioniemi.fi<\/p>\n<p><strong>Sauna l\u00e4mmitet\u00e4\u00e4n sopimuksen mukaan\u00a0<\/strong><img loading=\"lazy\" decoding=\"async\" class=\"size-full wp-image-177 aligncenter\" title=\"Sauna\" src=\"http:\/\/www.kesakotikallioniemi.fi\/web\/wp-content\/uploads\/2012\/05\/24.jpg\" alt=\"\" width=\"477\" height=\"318\" srcset=\"http:\/\/www.kesakotikallioniemi.fi\/web\/wp-content\/uploads\/2012\/05\/24.jpg 477w, http:\/\/www.kesakotikallioniemi.fi\/web\/wp-content\/uploads\/2012\/05\/24-300x200.jpg 300w, http:\/\/www.kesakotikallioniemi.fi\/web\/wp-content\/uploads\/2012\/05\/24-450x300.jpg 450w\" sizes=\"auto, (max-width: 477px) 100vw, 477px\" \/><\/p>\n\n\n<p><\/p>\n","protected":false},"excerpt":{"rendered":"<p>Kallioniemess\u00e4 on yhteens\u00e4 49 vuodepaikkaa ja ruokasali 50 hengelle. Paviljonki Pavi on yhteinen olotila, jossa viihdyt takkatulen loimussa leikkien, pelaillen tai televisiota katsoen. P\u00e4\u00e4rakennuksesta l\u00f6yd\u00e4t kirjaston.\u00a0 Majoitustilat Vanha p\u00e4\u00e4rakennus 9 kpl 2-5 hh Poukama-m\u00f6kki 7 kpl 2-5 hh Kalamaja-m\u00f6kki 2 &hellip; <a href=\"http:\/\/www.kesakotikallioniemi.fi\/web\/?page_id=12\">Continue reading <span class=\"meta-nav\">&rarr;<\/span><\/a><\/p>\n","protected":false},"author":1,"featured_media":0,"parent":0,"menu_order":3,"comment_status":"closed","ping_status":"closed","template":"","meta":{"footnotes":""},"class_list":["post-12","page","type-page","status-publish","hentry"],"_links":{"self":[{"href":"http:\/\/www.kesakotikallioniemi.fi\/web\/index.php?rest_route=\/wp\/v2\/pages\/12","targetHints":{"allow":["GET"]}}],"collection":[{"href":"http:\/\/www.kesakotikallioniemi.fi\/web\/index.php?rest_route=\/wp\/v2\/pages"}],"about":[{"href":"http:\/\/www.kesakotikallioniemi.fi\/web\/index.php?rest_route=\/wp\/v2\/types\/page"}],"author":[{"embeddable":true,"href":"http:\/\/www.kesakotikallioniemi.fi\/web\/index.php?rest_route=\/wp\/v2\/users\/1"}],"replies":[{"embeddable":true,"href":"http:\/\/www.kesakotikallioniemi.fi\/web\/index.php?rest_route=%2Fwp%2Fv2%2Fcomments&post=12"}],"version-history":[{"count":28,"href":"http:\/\/www.kesakotikallioniemi.fi\/web\/index.php?rest_route=\/wp\/v2\/pages\/12\/revisions"}],"predecessor-version":[{"id":609,"href":"http:\/\/www.kesakotikallioniemi.fi\/web\/index.php?rest_route=\/wp\/v2\/pages\/12\/revisions\/609"}],"wp:attachment":[{"href":"http:\/\/www.kesakotikallioniemi.fi\/web\/index.php?rest_route=%2Fwp%2Fv2%2Fmedia&parent=12"}],"curies":[{"name":"wp","href":"https:\/\/api.w.org\/{rel}","templated":true}]}}