{"id":15,"date":"2012-05-13T16:02:41","date_gmt":"2012-05-13T16:02:41","guid":{"rendered":"http:\/\/www.kesakotikallioniemi.fi\/web\/?page_id=15"},"modified":"2023-06-13T08:21:42","modified_gmt":"2023-06-13T08:21:42","slug":"etusivu","status":"publish","type":"page","link":"http:\/\/www.kesakotikallioniemi.fi\/web\/","title":{"rendered":"Tervetuloa Kallioniemeen!"},"content":{"rendered":"<hr \/>\n<p>Kes\u00e4koti Kallioniemi sijaitsee Katariinan saaressa Sipoossa. Kes\u00e4koti on vain 25 kilometrin p\u00e4\u00e4ss\u00e4 Helsingist\u00e4 Sipoon korven laidalla. Helppo saavutettavuus sek\u00e4 luonnonl\u00e4heisyys ja -rauha ovat lomailijoille syy vierailla Kallioniemess\u00e4 &#8211; ja palata sinne yh\u00e4 uudelleen.<\/p>\n<p><a href=\"http:\/\/www.kesakotikallioniemi.fi\/web\/wp-content\/uploads\/2022\/02\/Poukama-7_2021.jpg\"><img loading=\"lazy\" decoding=\"async\" class=\"size-medium wp-image-583 aligncenter\" src=\"http:\/\/www.kesakotikallioniemi.fi\/web\/wp-content\/uploads\/2022\/02\/Poukama-7_2021-225x300.jpg\" alt=\"\" width=\"225\" height=\"300\" srcset=\"http:\/\/www.kesakotikallioniemi.fi\/web\/wp-content\/uploads\/2022\/02\/Poukama-7_2021-225x300.jpg 225w, http:\/\/www.kesakotikallioniemi.fi\/web\/wp-content\/uploads\/2022\/02\/Poukama-7_2021.jpg 480w\" sizes=\"auto, (max-width: 225px) 100vw, 225px\" \/><\/a><\/p>\n<p>Kes\u00e4kodissa on j\u00e4rjestettyjen leirien lis\u00e4ksi juhlittu my\u00f6s syntym\u00e4p\u00e4ivi\u00e4, polttareita ja h\u00e4it\u00e4. Siell\u00e4 on j\u00e4rjestetty my\u00f6s ty\u00f6hyvinvointip\u00e4ivi\u00e4, kursseja ja leirikouluja. Retriiteille kes\u00e4kodin kolmen hehtaarin luonnonkaunis alue tarjoaa paljon mahdollisuuksia.<\/p>\n<p><a href=\"http:\/\/www.kesakotikallioniemi.fi\/web\/wp-content\/uploads\/2017\/08\/bg10.jpg\"><img loading=\"lazy\" decoding=\"async\" class=\"size-medium wp-image-446 aligncenter\" src=\"http:\/\/www.kesakotikallioniemi.fi\/web\/wp-content\/uploads\/2017\/08\/bg10-300x169.jpg\" alt=\"\" width=\"300\" height=\"169\" srcset=\"http:\/\/www.kesakotikallioniemi.fi\/web\/wp-content\/uploads\/2017\/08\/bg10-300x169.jpg 300w, http:\/\/www.kesakotikallioniemi.fi\/web\/wp-content\/uploads\/2017\/08\/bg10-768x432.jpg 768w, http:\/\/www.kesakotikallioniemi.fi\/web\/wp-content\/uploads\/2017\/08\/bg10-1024x576.jpg 1024w, http:\/\/www.kesakotikallioniemi.fi\/web\/wp-content\/uploads\/2017\/08\/bg10-500x281.jpg 500w, http:\/\/www.kesakotikallioniemi.fi\/web\/wp-content\/uploads\/2017\/08\/bg10.jpg 1920w\" sizes=\"auto, (max-width: 300px) 100vw, 300px\" \/><\/a><\/p>\n<p>Kes\u00e4kodin toimintaa py\u00f6ritt\u00e4\u00e4 kes\u00e4kotiyhdistys. Yhdistys edist\u00e4\u00e4 ja kehitt\u00e4\u00e4 sosiaalista lomatoimintaa sek\u00e4 lomia t\u00e4yshoidolla tai omatoimisesti. Saaduilla tuloilla katetaan kulut ja pidet\u00e4\u00e4n ainutlaatuista paikkaa kunnossa my\u00f6s tulevien sukupolvien tulla, kuten lomailijat ovat tulleet ja viihtyneet jo 98 vuoden ajan.<\/p>\n<p><a href=\"http:\/\/www.kesakotikallioniemi.fi\/web\/wp-content\/uploads\/2022\/02\/aamupala.jpg\"><img loading=\"lazy\" decoding=\"async\" class=\"size-medium wp-image-592 aligncenter\" src=\"http:\/\/www.kesakotikallioniemi.fi\/web\/wp-content\/uploads\/2022\/02\/aamupala-300x225.jpg\" alt=\"\" width=\"300\" height=\"225\" srcset=\"http:\/\/www.kesakotikallioniemi.fi\/web\/wp-content\/uploads\/2022\/02\/aamupala-300x225.jpg 300w, http:\/\/www.kesakotikallioniemi.fi\/web\/wp-content\/uploads\/2022\/02\/aamupala-1024x768.jpg 1024w, http:\/\/www.kesakotikallioniemi.fi\/web\/wp-content\/uploads\/2022\/02\/aamupala-768x576.jpg 768w, http:\/\/www.kesakotikallioniemi.fi\/web\/wp-content\/uploads\/2022\/02\/aamupala-1536x1152.jpg 1536w, http:\/\/www.kesakotikallioniemi.fi\/web\/wp-content\/uploads\/2022\/02\/aamupala-400x300.jpg 400w, http:\/\/www.kesakotikallioniemi.fi\/web\/wp-content\/uploads\/2022\/02\/aamupala.jpg 1600w\" sizes=\"auto, (max-width: 300px) 100vw, 300px\" \/><\/a><\/p>\n<p>Kes\u00e4koti toimii kes\u00e4kauden ja siirtyy talviteloille syyskuun lopussa.\u00a0Ole reippaasti yhteydess\u00e4, kun haluat j\u00e4rjest\u00e4\u00e4 tilaisuutesi meid\u00e4n upeassa saaressamme!<\/p>\n<p><a href=\"http:\/\/www.kesakotikallioniemi.fi\/web\/wp-content\/uploads\/2016\/06\/2015-Kallioniemi-Ilpo-Rossin-kuvissa.jpg\"><img loading=\"lazy\" decoding=\"async\" class=\"size-medium wp-image-360 aligncenter\" src=\"http:\/\/www.kesakotikallioniemi.fi\/web\/wp-content\/uploads\/2016\/06\/2015-Kallioniemi-Ilpo-Rossin-kuvissa-300x199.jpg\" alt=\"\" width=\"300\" height=\"199\" srcset=\"http:\/\/www.kesakotikallioniemi.fi\/web\/wp-content\/uploads\/2016\/06\/2015-Kallioniemi-Ilpo-Rossin-kuvissa-300x199.jpg 300w, http:\/\/www.kesakotikallioniemi.fi\/web\/wp-content\/uploads\/2016\/06\/2015-Kallioniemi-Ilpo-Rossin-kuvissa-768x509.jpg 768w, http:\/\/www.kesakotikallioniemi.fi\/web\/wp-content\/uploads\/2016\/06\/2015-Kallioniemi-Ilpo-Rossin-kuvissa-1024x679.jpg 1024w, http:\/\/www.kesakotikallioniemi.fi\/web\/wp-content\/uploads\/2016\/06\/2015-Kallioniemi-Ilpo-Rossin-kuvissa-452x300.jpg 452w, http:\/\/www.kesakotikallioniemi.fi\/web\/wp-content\/uploads\/2016\/06\/2015-Kallioniemi-Ilpo-Rossin-kuvissa.jpg 1544w\" sizes=\"auto, (max-width: 300px) 100vw, 300px\" \/><\/a><\/p>\n","protected":false},"excerpt":{"rendered":"<p>Kes\u00e4koti Kallioniemi sijaitsee Katariinan saaressa Sipoossa. Kes\u00e4koti on vain 25 kilometrin p\u00e4\u00e4ss\u00e4 Helsingist\u00e4 Sipoon korven laidalla. Helppo saavutettavuus sek\u00e4 luonnonl\u00e4heisyys ja -rauha ovat lomailijoille syy vierailla Kallioniemess\u00e4 &#8211; ja palata sinne yh\u00e4 uudelleen. Kes\u00e4kodissa on j\u00e4rjestettyjen leirien lis\u00e4ksi juhlittu my\u00f6s &hellip; <a href=\"http:\/\/www.kesakotikallioniemi.fi\/web\/\">Continue reading <span class=\"meta-nav\">&rarr;<\/span><\/a><\/p>\n","protected":false},"author":1,"featured_media":0,"parent":0,"menu_order":0,"comment_status":"closed","ping_status":"closed","template":"","meta":{"footnotes":""},"class_list":["post-15","page","type-page","status-publish","hentry"],"_links":{"self":[{"href":"http:\/\/www.kesakotikallioniemi.fi\/web\/index.php?rest_route=\/wp\/v2\/pages\/15","targetHints":{"allow":["GET"]}}],"collection":[{"href":"http:\/\/www.kesakotikallioniemi.fi\/web\/index.php?rest_route=\/wp\/v2\/pages"}],"about":[{"href":"http:\/\/www.kesakotikallioniemi.fi\/web\/index.php?rest_route=\/wp\/v2\/types\/page"}],"author":[{"embeddable":true,"href":"http:\/\/www.kesakotikallioniemi.fi\/web\/index.php?rest_route=\/wp\/v2\/users\/1"}],"replies":[{"embeddable":true,"href":"http:\/\/www.kesakotikallioniemi.fi\/web\/index.php?rest_route=%2Fwp%2Fv2%2Fcomments&post=15"}],"version-history":[{"count":38,"href":"http:\/\/www.kesakotikallioniemi.fi\/web\/index.php?rest_route=\/wp\/v2\/pages\/15\/revisions"}],"predecessor-version":[{"id":651,"href":"http:\/\/www.kesakotikallioniemi.fi\/web\/index.php?rest_route=\/wp\/v2\/pages\/15\/revisions\/651"}],"wp:attachment":[{"href":"http:\/\/www.kesakotikallioniemi.fi\/web\/index.php?rest_route=%2Fwp%2Fv2%2Fmedia&parent=15"}],"curies":[{"name":"wp","href":"https:\/\/api.w.org\/{rel}","templated":true}]}}