{"id":341,"date":"2016-06-05T18:11:47","date_gmt":"2016-06-05T18:11:47","guid":{"rendered":"http:\/\/www.kesakotikallioniemi.fi\/web\/?page_id=341"},"modified":"2016-06-08T18:03:39","modified_gmt":"2016-06-08T18:03:39","slug":"palautelomake","status":"publish","type":"page","link":"http:\/\/www.kesakotikallioniemi.fi\/web\/?page_id=341","title":{"rendered":"Palautelomake"},"content":{"rendered":"<p>T\u00e4\u00e4lt\u00e4 l\u00f6yd\u00e4t palautelomakkeen, jolla voit kertoa odotuksiasi Kes\u00e4koti Kallioniemen suhteen ja antaa palautetta siit\u00e4, onnistuiko loma odotustesi mukaisesti. Tulosta lomake ja kirjoita siihen vapaamuotoinen palautteesi. J\u00e4t\u00e4 t\u00e4ytetty lomake lomasi p\u00e4\u00e4ttyess\u00e4 Kallioniemeen!<\/p>\n<p><a href=\"http:\/\/www.kesakotikallioniemi.fi\/web\/wp-content\/uploads\/2016\/06\/20160608-JTK-Arviointilomake-valmis-1.jpg\" rel=\"attachment wp-att-356\"><img loading=\"lazy\" decoding=\"async\" class=\"alignnone size-medium wp-image-356\" src=\"http:\/\/www.kesakotikallioniemi.fi\/web\/wp-content\/uploads\/2016\/06\/20160608-JTK-Arviointilomake-valmis-1-260x300.jpg\" alt=\"20160608 JTK Arviointilomake valmis-1\" width=\"260\" height=\"300\" srcset=\"http:\/\/www.kesakotikallioniemi.fi\/web\/wp-content\/uploads\/2016\/06\/20160608-JTK-Arviointilomake-valmis-1-260x300.jpg 260w, http:\/\/www.kesakotikallioniemi.fi\/web\/wp-content\/uploads\/2016\/06\/20160608-JTK-Arviointilomake-valmis-1.jpg 630w\" sizes=\"auto, (max-width: 260px) 100vw, 260px\" \/><\/a><\/p>\n","protected":false},"excerpt":{"rendered":"<p>T\u00e4\u00e4lt\u00e4 l\u00f6yd\u00e4t palautelomakkeen, jolla voit kertoa odotuksiasi Kes\u00e4koti Kallioniemen suhteen ja antaa palautetta siit\u00e4, onnistuiko loma odotustesi mukaisesti. Tulosta lomake ja kirjoita siihen vapaamuotoinen palautteesi. J\u00e4t\u00e4 t\u00e4ytetty lomake lomasi p\u00e4\u00e4ttyess\u00e4 Kallioniemeen!<\/p>\n","protected":false},"author":2,"featured_media":342,"parent":0,"menu_order":0,"comment_status":"closed","ping_status":"closed","template":"","meta":{"footnotes":""},"class_list":["post-341","page","type-page","status-publish","has-post-thumbnail","hentry"],"_links":{"self":[{"href":"http:\/\/www.kesakotikallioniemi.fi\/web\/index.php?rest_route=\/wp\/v2\/pages\/341","targetHints":{"allow":["GET"]}}],"collection":[{"href":"http:\/\/www.kesakotikallioniemi.fi\/web\/index.php?rest_route=\/wp\/v2\/pages"}],"about":[{"href":"http:\/\/www.kesakotikallioniemi.fi\/web\/index.php?rest_route=\/wp\/v2\/types\/page"}],"author":[{"embeddable":true,"href":"http:\/\/www.kesakotikallioniemi.fi\/web\/index.php?rest_route=\/wp\/v2\/users\/2"}],"replies":[{"embeddable":true,"href":"http:\/\/www.kesakotikallioniemi.fi\/web\/index.php?rest_route=%2Fwp%2Fv2%2Fcomments&post=341"}],"version-history":[{"count":4,"href":"http:\/\/www.kesakotikallioniemi.fi\/web\/index.php?rest_route=\/wp\/v2\/pages\/341\/revisions"}],"predecessor-version":[{"id":357,"href":"http:\/\/www.kesakotikallioniemi.fi\/web\/index.php?rest_route=\/wp\/v2\/pages\/341\/revisions\/357"}],"wp:featuredmedia":[{"embeddable":true,"href":"http:\/\/www.kesakotikallioniemi.fi\/web\/index.php?rest_route=\/wp\/v2\/media\/342"}],"wp:attachment":[{"href":"http:\/\/www.kesakotikallioniemi.fi\/web\/index.php?rest_route=%2Fwp%2Fv2%2Fmedia&parent=341"}],"curies":[{"name":"wp","href":"https:\/\/api.w.org\/{rel}","templated":true}]}}