{"id":362,"date":"2016-06-09T10:06:50","date_gmt":"2016-06-09T10:06:50","guid":{"rendered":"http:\/\/www.kesakotikallioniemi.fi\/web\/?page_id=362"},"modified":"2017-08-10T14:27:34","modified_gmt":"2017-08-10T14:27:34","slug":"videoita-kesakoti-kallioniemesta","status":"publish","type":"page","link":"http:\/\/www.kesakotikallioniemi.fi\/web\/?page_id=362","title":{"rendered":"Videoita Kes\u00e4koti Kallioniemest\u00e4"},"content":{"rendered":"<p><strong>Vuonna 2016<\/strong><\/p>\n<p>Kes\u00e4koti Kallioniemess\u00e4 on viihtyis\u00e4 Poukama, jonka &#8221;Kansalaisena tietoyhteiskunnassa&#8221; -viikon osanottajat haluavat esitell\u00e4 Sinulle&#8230;<br \/>\n<iframe loading=\"lazy\" width=\"853\" height=\"480\" src=\"https:\/\/www.youtube.com\/embed\/NBGzthOWmeI?rel=0&amp;controls=0?ecver=1\" frameborder=\"0\" allowfullscreen><\/iframe><br \/>\n<a href=\"https:\/\/youtu.be\/NBGzthOWmeI\" target=\"_blank\" rel=\"nofollow\">youtu.be<\/a><\/p>\n<p><strong>Vuonna 2012&#8230;<\/strong><\/p>\n<p>Videoiden tekemist\u00e4 on kai harrastettu jo pitk\u00e4\u00e4n, mutta todellista vauhtia t\u00e4m\u00e4 dokumentoiva ulottuvuus sai Youtuben lataamis- ja julkistamistoimien yleistymisen my\u00f6t\u00e4. Kes\u00e4koti Kallioniemess\u00e4 j\u00e4rjestettiin alkukes\u00e4st\u00e4 2012 ns. &#8221;Saamelaisseminaari&#8221;, jonka tarkoituksena oli avata etel\u00e4n ihmisille saamelaisen kulttuurin ja el\u00e4m\u00e4ntapojen ydinkysymyksi\u00e4. Mukaan t\u00e4h\u00e4n tapahtumaan saatiin silloin jo maineikas saamelaisp\u00e4\u00e4tt\u00e4j\u00e4 ja porosaamelaisuuden asiantuntija, porotaloudesta tohtoriksi v\u00e4itellyt Pekka Aikio sek\u00e4 tunnettu joikutaiteilija Niiles-Jouni. Viikosta muodostui sis\u00e4lt\u00f6rikas el\u00e4mys, vaikka saamelaisuuden poliittinen ulottuvuus k\u00e4rsi eduskuntaryhmien l\u00e4hes t\u00e4ydellisest\u00e4 v\u00e4linpit\u00e4m\u00e4tt\u00f6myydest\u00e4 viikon keskivaiheilla j\u00e4rjestetyn teemaan liittyv\u00e4n panelikeskustelun suhteen.<br \/>\nT\u00e4ss\u00e4 video saamelaisseminaarin ensimm\u00e4iselt\u00e4 p\u00e4iv\u00e4lt\u00e4, kun saamenlippu nousee Kes\u00e4koti Kallioniemen salkoon saamelaisrummun ja Niiles-Jounin maagisen rummutuksen saattelemana.<br \/>\n<iframe loading=\"lazy\" width=\"853\" height=\"480\" src=\"https:\/\/www.youtube.com\/embed\/2tpM-PQf6Kg?list=PLrSvwidmqKwMBjISB-r8ym64uZDBpkNUi&amp;controls=0?ecver=1\" frameborder=\"0\" allowfullscreen><\/iframe><br \/>\n<a href=\"https:\/\/goo.gl\/O51vvb\">Lipunnosto Saami-seminaarissa Kes\u00e4koti Kallioniemess\u00e4 2012&#8230;<\/a><\/p>\n","protected":false},"excerpt":{"rendered":"<p>Vuonna 2016 Kes\u00e4koti Kallioniemess\u00e4 on viihtyis\u00e4 Poukama, jonka &#8221;Kansalaisena tietoyhteiskunnassa&#8221; -viikon osanottajat haluavat esitell\u00e4 Sinulle&#8230; youtu.be Vuonna 2012&#8230; Videoiden tekemist\u00e4 on kai harrastettu jo pitk\u00e4\u00e4n, mutta todellista vauhtia t\u00e4m\u00e4 dokumentoiva ulottuvuus sai Youtuben lataamis- ja julkistamistoimien yleistymisen my\u00f6t\u00e4. Kes\u00e4koti Kallioniemess\u00e4 &hellip; <a href=\"http:\/\/www.kesakotikallioniemi.fi\/web\/?page_id=362\">Continue reading <span class=\"meta-nav\">&rarr;<\/span><\/a><\/p>\n","protected":false},"author":2,"featured_media":0,"parent":0,"menu_order":0,"comment_status":"closed","ping_status":"closed","template":"","meta":{"footnotes":""},"class_list":["post-362","page","type-page","status-publish","hentry"],"_links":{"self":[{"href":"http:\/\/www.kesakotikallioniemi.fi\/web\/index.php?rest_route=\/wp\/v2\/pages\/362","targetHints":{"allow":["GET"]}}],"collection":[{"href":"http:\/\/www.kesakotikallioniemi.fi\/web\/index.php?rest_route=\/wp\/v2\/pages"}],"about":[{"href":"http:\/\/www.kesakotikallioniemi.fi\/web\/index.php?rest_route=\/wp\/v2\/types\/page"}],"author":[{"embeddable":true,"href":"http:\/\/www.kesakotikallioniemi.fi\/web\/index.php?rest_route=\/wp\/v2\/users\/2"}],"replies":[{"embeddable":true,"href":"http:\/\/www.kesakotikallioniemi.fi\/web\/index.php?rest_route=%2Fwp%2Fv2%2Fcomments&post=362"}],"version-history":[{"count":6,"href":"http:\/\/www.kesakotikallioniemi.fi\/web\/index.php?rest_route=\/wp\/v2\/pages\/362\/revisions"}],"predecessor-version":[{"id":478,"href":"http:\/\/www.kesakotikallioniemi.fi\/web\/index.php?rest_route=\/wp\/v2\/pages\/362\/revisions\/478"}],"wp:attachment":[{"href":"http:\/\/www.kesakotikallioniemi.fi\/web\/index.php?rest_route=%2Fwp%2Fv2%2Fmedia&parent=362"}],"curies":[{"name":"wp","href":"https:\/\/api.w.org\/{rel}","templated":true}]}}