{"id":43,"date":"2012-05-13T16:37:09","date_gmt":"2012-05-13T16:37:09","guid":{"rendered":"http:\/\/www.kesakotikallioniemi.fi\/web\/?page_id=43"},"modified":"2012-05-13T18:49:24","modified_gmt":"2012-05-13T18:49:24","slug":"kaarinansaari","status":"publish","type":"page","link":"http:\/\/www.kesakotikallioniemi.fi\/web\/?page_id=43","title":{"rendered":"Kaarinansaari"},"content":{"rendered":"<h2>Siirtola-kes\u00e4koti hankitaan<\/h2>\n<p>Seuraava kes\u00e4 meni siirtolatoimikunnan etsiess\u00e4 sopivia tiloja kes\u00e4kotia varten. Se haluttiin Helsingin l\u00e4hiymp\u00e4rist\u00f6st\u00e4, jossa voisi k\u00e4yd\u00e4 pyh\u00e4isin sek\u00e4 lomailla my\u00f6s pidempi\u00e4 aikoja. Sopivien paikkojen l\u00f6yt\u00e4mist\u00e4 vaikeutti rajoitetut rahavarat ja toisaalta monipuoliset vaatimukset, jotka kes\u00e4kodille asetettiin.<\/p>\n<p>Vihdoin kev\u00e4\u00e4ll\u00e4 1925 rekikelin aikaan k\u00e4ytiin tutustumassa liikemies Parviaisen tarjoamaan Kallioniemi-nimiseen kiinteist\u00f6\u00f6n Sipoon\u00a0<strong>Kaarinansaaressa<\/strong>, johon sis\u00e4ltyi puolen hehtaarin maa-alue (Kallioniemi I ja II) ja niill\u00e4 sijaitseva kaksikerroksinen asuinrakennus, saunarakennus, ulkosuoja ja irtaimistoa. Koko paketti maksoi 100 000 markkaa. Kaupasta neuvottelemaan valtuutettiin Hilda Sepp\u00e4l\u00e4 ja Lydia Saarikivi. jotka allekirjoittivat kauppakirjan 13.4.1925. Kes\u00e4kodin vihki\u00e4iset pidettiin helluntaina, jolloin tarjottiin ilmaiset kahvit n. 60 j\u00e4senelle ja kutsuvieraalle.<\/p>\n<p><img loading=\"lazy\" decoding=\"async\" src=\"http:\/\/www.sunpoint.net\/~kallioniemi\/images\/image06.jpg\" alt=\"\" width=\"400\" height=\"286\" \/><\/p>\n<p>Pari viikkoa my\u00f6hemmin juhannusjuhlissa oli 50 henkil\u00f6\u00e4, jotka saivat kokea erinomaiset saunan l\u00f6ylyt, uimarannan ilot ja kaikki sopivat jopa katon alle nukkumaan. Ensimm\u00e4isen\u00e4 kes\u00e4n\u00e4 Kallionimess\u00e4 vieraili 96 lomanviett\u00e4j\u00e4\u00e4.<br \/>\nVieraita otettiin vastaan kes\u00e4kuun alusta elokuun loppuun.<\/p>\n","protected":false},"excerpt":{"rendered":"<p>Siirtola-kes\u00e4koti hankitaan Seuraava kes\u00e4 meni siirtolatoimikunnan etsiess\u00e4 sopivia tiloja kes\u00e4kotia varten. Se haluttiin Helsingin l\u00e4hiymp\u00e4rist\u00f6st\u00e4, jossa voisi k\u00e4yd\u00e4 pyh\u00e4isin sek\u00e4 lomailla my\u00f6s pidempi\u00e4 aikoja. Sopivien paikkojen l\u00f6yt\u00e4mist\u00e4 vaikeutti rajoitetut rahavarat ja toisaalta monipuoliset vaatimukset, jotka kes\u00e4kodille asetettiin. Vihdoin kev\u00e4\u00e4ll\u00e4 1925 &hellip; <a href=\"http:\/\/www.kesakotikallioniemi.fi\/web\/?page_id=43\">Continue reading <span class=\"meta-nav\">&rarr;<\/span><\/a><\/p>\n","protected":false},"author":1,"featured_media":0,"parent":2,"menu_order":52,"comment_status":"closed","ping_status":"closed","template":"sidebar-page.php","meta":{"footnotes":""},"class_list":["post-43","page","type-page","status-publish","hentry"],"_links":{"self":[{"href":"http:\/\/www.kesakotikallioniemi.fi\/web\/index.php?rest_route=\/wp\/v2\/pages\/43","targetHints":{"allow":["GET"]}}],"collection":[{"href":"http:\/\/www.kesakotikallioniemi.fi\/web\/index.php?rest_route=\/wp\/v2\/pages"}],"about":[{"href":"http:\/\/www.kesakotikallioniemi.fi\/web\/index.php?rest_route=\/wp\/v2\/types\/page"}],"author":[{"embeddable":true,"href":"http:\/\/www.kesakotikallioniemi.fi\/web\/index.php?rest_route=\/wp\/v2\/users\/1"}],"replies":[{"embeddable":true,"href":"http:\/\/www.kesakotikallioniemi.fi\/web\/index.php?rest_route=%2Fwp%2Fv2%2Fcomments&post=43"}],"version-history":[{"count":6,"href":"http:\/\/www.kesakotikallioniemi.fi\/web\/index.php?rest_route=\/wp\/v2\/pages\/43\/revisions"}],"predecessor-version":[{"id":155,"href":"http:\/\/www.kesakotikallioniemi.fi\/web\/index.php?rest_route=\/wp\/v2\/pages\/43\/revisions\/155"}],"up":[{"embeddable":true,"href":"http:\/\/www.kesakotikallioniemi.fi\/web\/index.php?rest_route=\/wp\/v2\/pages\/2"}],"wp:attachment":[{"href":"http:\/\/www.kesakotikallioniemi.fi\/web\/index.php?rest_route=%2Fwp%2Fv2%2Fmedia&parent=43"}],"curies":[{"name":"wp","href":"https:\/\/api.w.org\/{rel}","templated":true}]}}