{"id":60,"date":"2012-05-13T16:45:53","date_gmt":"2012-05-13T16:45:53","guid":{"rendered":"http:\/\/www.kesakotikallioniemi.fi\/web\/?page_id=60"},"modified":"2012-05-13T18:20:14","modified_gmt":"2012-05-13T18:20:14","slug":"yhteistyota-ja-tukijoita","status":"publish","type":"page","link":"http:\/\/www.kesakotikallioniemi.fi\/web\/?page_id=60","title":{"rendered":"Yhteisty\u00f6t\u00e4 ja tukijoita"},"content":{"rendered":"<h2>Yhteisty\u00f6t\u00e4 ja tukijoita<\/h2>\n<p>Yhdistys on tavoitteidensa saavuttamisessa saanut tukea yhteiskunnalta ja monilta yhteis\u00f6ilt\u00e4.<\/p>\n<p>Ensimm\u00e4inen valtionapu saatiin 1928, jolloin Hilda Sepp\u00e4l\u00e4n aloitteesta valtion talousarvioon tuli 10 000 markkaa Kallioniemen avustamiseksi. V. 1938 Anni Huotarin aloitteesta saatiin vuosittainen m\u00e4\u00e4r\u00e4raha \u00e4itien kes\u00e4virkistyksest\u00e4 huolehtiville yhdistyksille, ja siit\u00e4 Kallioniemikin sai osansa.<\/p>\n<p>My\u00f6hemmin yhdistys sai tukea Raha-automaattiyhdistyksen voittovaroista rakennusmenoihin ja toimintakuluihin. RAY:n avustusvarojen jakoperusteet ovat vuosien varrella muuttuneet, ja viime vuosikymmenin\u00e4 sit\u00e4 on<br \/>\nHelsingin kaupungilta on saatu halpakorkoisia lainoja, avustusm\u00e4\u00e4r\u00e4rahat kodin laajentamiseen, vanhusten lomauttamiseen ja toiminnan yll\u00e4pit\u00e4miseen.<\/p>\n<p>Vuonna 1951 Kallioniemen Kes\u00e4kodin Kannatusyhdistys perusti yhdess\u00e4 muiden lomakotien kanssa \u00c4itien Lomahuoltoj\u00e4rjest\u00f6n ja on siit\u00e4 l\u00e4htien ollut mukana liiton toiminnassa.<\/p>\n<p>Vuonna 1980 liiton nimi muutettiin Lomakotien Liitto ry:ksi. Liitto on tukenut yhdistyksi\u00e4\u00e4n neuvontatoiminnalla niin rakennustoiminnassa kuin j\u00e4rjest\u00f6ty\u00f6ss\u00e4. Lomakotien Liiton kautta on kanavoitunut Raha-automaattiyhdistyksen avustusvarojen jako yhdistyksille.<\/p>\n<p>Merkitt\u00e4v\u00e4\u00e4 tukea on antanut v. 1951 sosiaalisten j\u00e4rjest\u00f6jen perustama kahvilayhti\u00f6 URSULA Oy, jonka perustajaosakas yhdistys edelleen on.<\/p>\n<p>Osuusliike Elanto on monin eri tavoin vuosien kuluessa tukenut kes\u00e4kodin toimintaa.<\/p>\n<p>Yhteistoiminta Helsingin Ensikodin, K\u00e4pyrinteen Vanhainkodin, Sos.dem. Naisliiton, Paperiliiton ym. kanssa toi lis\u00e4\u00e4 lomakodin k\u00e4ytt\u00e4ji\u00e4 ja maksajia. Samalla tehtiin tunnetuksi kes\u00e4kodin toimintaa ja sen palveluita.<\/p>\n<p>Ep\u00e4virallinen yhdistys &#8221;Kallioniemen Yst\u00e4v\u00e4t&#8221; on toiminut ilman kirjoitettua toimintasuunnitelmaa j\u00e4rjest\u00e4en mahdollisuuksien mukaan erilaista varainhankintaa kodin hyv\u00e4ksi.<\/p>\n","protected":false},"excerpt":{"rendered":"<p>Yhteisty\u00f6t\u00e4 ja tukijoita Yhdistys on tavoitteidensa saavuttamisessa saanut tukea yhteiskunnalta ja monilta yhteis\u00f6ilt\u00e4. Ensimm\u00e4inen valtionapu saatiin 1928, jolloin Hilda Sepp\u00e4l\u00e4n aloitteesta valtion talousarvioon tuli 10 000 markkaa Kallioniemen avustamiseksi. V. 1938 Anni Huotarin aloitteesta saatiin vuosittainen m\u00e4\u00e4r\u00e4raha \u00e4itien kes\u00e4virkistyksest\u00e4 huolehtiville &hellip; <a href=\"http:\/\/www.kesakotikallioniemi.fi\/web\/?page_id=60\">Continue reading <span class=\"meta-nav\">&rarr;<\/span><\/a><\/p>\n","protected":false},"author":1,"featured_media":0,"parent":2,"menu_order":65,"comment_status":"closed","ping_status":"closed","template":"sidebar-page.php","meta":{"footnotes":""},"class_list":["post-60","page","type-page","status-publish","hentry"],"_links":{"self":[{"href":"http:\/\/www.kesakotikallioniemi.fi\/web\/index.php?rest_route=\/wp\/v2\/pages\/60","targetHints":{"allow":["GET"]}}],"collection":[{"href":"http:\/\/www.kesakotikallioniemi.fi\/web\/index.php?rest_route=\/wp\/v2\/pages"}],"about":[{"href":"http:\/\/www.kesakotikallioniemi.fi\/web\/index.php?rest_route=\/wp\/v2\/types\/page"}],"author":[{"embeddable":true,"href":"http:\/\/www.kesakotikallioniemi.fi\/web\/index.php?rest_route=\/wp\/v2\/users\/1"}],"replies":[{"embeddable":true,"href":"http:\/\/www.kesakotikallioniemi.fi\/web\/index.php?rest_route=%2Fwp%2Fv2%2Fcomments&post=60"}],"version-history":[{"count":6,"href":"http:\/\/www.kesakotikallioniemi.fi\/web\/index.php?rest_route=\/wp\/v2\/pages\/60\/revisions"}],"predecessor-version":[{"id":152,"href":"http:\/\/www.kesakotikallioniemi.fi\/web\/index.php?rest_route=\/wp\/v2\/pages\/60\/revisions\/152"}],"up":[{"embeddable":true,"href":"http:\/\/www.kesakotikallioniemi.fi\/web\/index.php?rest_route=\/wp\/v2\/pages\/2"}],"wp:attachment":[{"href":"http:\/\/www.kesakotikallioniemi.fi\/web\/index.php?rest_route=%2Fwp%2Fv2%2Fmedia&parent=60"}],"curies":[{"name":"wp","href":"https:\/\/api.w.org\/{rel}","templated":true}]}}