{"id":66,"date":"2012-05-13T16:47:35","date_gmt":"2012-05-13T16:47:35","guid":{"rendered":"http:\/\/www.kesakotikallioniemi.fi\/web\/?page_id=66"},"modified":"2016-06-03T14:40:01","modified_gmt":"2016-06-03T14:40:01","slug":"lomatoiminnan-uudet-tuulet","status":"publish","type":"page","link":"https:\/\/www.kesakotikallioniemi.fi\/web\/?page_id=66","title":{"rendered":"Uudet tuulet"},"content":{"rendered":"<h2>Lomatoiminnan uudet tuulet<\/h2>\n<p>Vv. 1960-70 elintason nousun my\u00f6t\u00e4 lis\u00e4\u00e4ntyi my\u00f6s ty\u00f6ntekij\u00f6iden lakis\u00e4\u00e4teinen lomaoikeus. Lomat piteniv\u00e4t, talvilomat tulivat mukaan. Yhteiskuntapolitiikassa vaadittiin lomatoiminnan kehitt\u00e4mist\u00e4. Osana sit\u00e4 oli uusien lomapaikkojen rakentaminen ymp\u00e4rivuotisiksi ja lomien viett\u00e4minen eri vuodenaikoina, ei vain kes\u00e4isin. Rakennettiin kylpyl\u00f6it\u00e4, lomakeskuksia ja lomahotelleja, jotka varustetasoltaan pyrkiv\u00e4t t\u00e4ydellisiin nykyp\u00e4iv\u00e4n mukavuuksiin ja olosuhteisiin, joita lomailijat eiv\u00e4t kotioloissaankaan saavuttaneet. Lomalaiset puolestaan tuntuivat pysyv\u00e4n vaatimuksissaan kehityksen mukana. Lomapaikkojen piti pysty\u00e4 tarjoamaan my\u00f6s erilaisia ohjelmapalveluja, loman sis\u00e4lt\u00f6\u00e4.<\/p>\n<p><img loading=\"lazy\" decoding=\"async\" src=\"http:\/\/www.sunpoint.net\/~kallioniemi\/images\/image100.jpg\" alt=\"\" width=\"400\" height=\"284\" \/><\/p>\n<p>Kes\u00e4m\u00f6kkilomakodit alkoivat j\u00e4\u00e4d\u00e4 j\u00e4lkeen lomalaisten valinnoissa. K\u00e4ytt\u00e4j\u00e4m\u00e4\u00e4r\u00e4t putosivat jonkun verran. Samalla lomakehityksen vaatimukset kohottivat hoitokustannuksia. Kallioniemikin joutui ponnistelemaan taloudellisten ongelmien selvitt\u00e4miseksi.<\/p>\n<p>Jatkuvasti kuitenkin l\u00f6ytyi lomanviett\u00e4ji\u00e4, jotka arvostivat t\u00e4t\u00e4 yhteist\u00e4 kes\u00e4m\u00f6kkilomaa, meren ja luonnon l\u00e4heisyytt\u00e4 ja halusivat tulla juuri Kallioniemeen.<\/p>\n","protected":false},"excerpt":{"rendered":"<p>Lomatoiminnan uudet tuulet Vv. 1960-70 elintason nousun my\u00f6t\u00e4 lis\u00e4\u00e4ntyi my\u00f6s ty\u00f6ntekij\u00f6iden lakis\u00e4\u00e4teinen lomaoikeus. Lomat piteniv\u00e4t, talvilomat tulivat mukaan. Yhteiskuntapolitiikassa vaadittiin lomatoiminnan kehitt\u00e4mist\u00e4. Osana sit\u00e4 oli uusien lomapaikkojen rakentaminen ymp\u00e4rivuotisiksi ja lomien viett\u00e4minen eri vuodenaikoina, ei vain kes\u00e4isin. Rakennettiin kylpyl\u00f6it\u00e4, lomakeskuksia &hellip; <a href=\"https:\/\/www.kesakotikallioniemi.fi\/web\/?page_id=66\">Continue reading <span class=\"meta-nav\">&rarr;<\/span><\/a><\/p>\n","protected":false},"author":1,"featured_media":0,"parent":2,"menu_order":61,"comment_status":"closed","ping_status":"closed","template":"sidebar-page.php","meta":{"footnotes":""},"class_list":["post-66","page","type-page","status-publish","hentry"],"_links":{"self":[{"href":"https:\/\/www.kesakotikallioniemi.fi\/web\/index.php?rest_route=\/wp\/v2\/pages\/66","targetHints":{"allow":["GET"]}}],"collection":[{"href":"https:\/\/www.kesakotikallioniemi.fi\/web\/index.php?rest_route=\/wp\/v2\/pages"}],"about":[{"href":"https:\/\/www.kesakotikallioniemi.fi\/web\/index.php?rest_route=\/wp\/v2\/types\/page"}],"author":[{"embeddable":true,"href":"https:\/\/www.kesakotikallioniemi.fi\/web\/index.php?rest_route=\/wp\/v2\/users\/1"}],"replies":[{"embeddable":true,"href":"https:\/\/www.kesakotikallioniemi.fi\/web\/index.php?rest_route=%2Fwp%2Fv2%2Fcomments&post=66"}],"version-history":[{"count":9,"href":"https:\/\/www.kesakotikallioniemi.fi\/web\/index.php?rest_route=\/wp\/v2\/pages\/66\/revisions"}],"predecessor-version":[{"id":340,"href":"https:\/\/www.kesakotikallioniemi.fi\/web\/index.php?rest_route=\/wp\/v2\/pages\/66\/revisions\/340"}],"up":[{"embeddable":true,"href":"https:\/\/www.kesakotikallioniemi.fi\/web\/index.php?rest_route=\/wp\/v2\/pages\/2"}],"wp:attachment":[{"href":"https:\/\/www.kesakotikallioniemi.fi\/web\/index.php?rest_route=%2Fwp%2Fv2%2Fmedia&parent=66"}],"curies":[{"name":"wp","href":"https:\/\/api.w.org\/{rel}","templated":true}]}}